{"id":989,"date":"2025-05-10T09:28:51","date_gmt":"2025-05-10T08:28:51","guid":{"rendered":"https:\/\/www.hundesportverein-brake.de\/?page_id=989"},"modified":"2026-02-28T15:11:23","modified_gmt":"2026-02-28T14:11:23","slug":"dartsport","status":"publish","type":"page","link":"https:\/\/www.elsflether-schuetzenverein.de\/?page_id=989","title":{"rendered":"Dartsport"},"content":{"rendered":"<p>In unserem Sch\u00fctzenhaus haben wir 2 Dartautomaten f\u00fcr Ligaspiele.<\/p>\n<p>Mittlerweile sind 2 Dartmannschaften bei uns beheimatet, zum einen die Dartfighters und zum anderen die Hornissen, beide Mannschaften spielen erfolgreich in der Wesermarschliga.<\/p>\n<p>Es werden Training, Wettk\u00e4mpfe und Spa\u00dfturniere durchgef\u00fchrt.<\/p>\n<h3><a href=\"https:\/\/wesermarsch-dartliga.de\/\" target=\"_blank\" rel=\"noopener\"><img loading=\"lazy\" decoding=\"async\" class=\"alignnone  wp-image-1346\" src=\"https:\/\/www.elsflether-schuetzenverein.de\/wp-content\/uploads\/2025\/06\/wesermarsch-dartliga-300x68.jpg\" alt=\"\" width=\"406\" height=\"92\" srcset=\"https:\/\/www.elsflether-schuetzenverein.de\/wp-content\/uploads\/2025\/06\/wesermarsch-dartliga-300x68.jpg 300w, https:\/\/www.elsflether-schuetzenverein.de\/wp-content\/uploads\/2025\/06\/wesermarsch-dartliga-1024x231.jpg 1024w, https:\/\/www.elsflether-schuetzenverein.de\/wp-content\/uploads\/2025\/06\/wesermarsch-dartliga-768x173.jpg 768w, https:\/\/www.elsflether-schuetzenverein.de\/wp-content\/uploads\/2025\/06\/wesermarsch-dartliga-1536x346.jpg 1536w, https:\/\/www.elsflether-schuetzenverein.de\/wp-content\/uploads\/2025\/06\/wesermarsch-dartliga-150x34.jpg 150w, https:\/\/www.elsflether-schuetzenverein.de\/wp-content\/uploads\/2025\/06\/wesermarsch-dartliga-250x56.jpg 250w, https:\/\/www.elsflether-schuetzenverein.de\/wp-content\/uploads\/2025\/06\/wesermarsch-dartliga.jpg 1920w\" sizes=\"auto, (max-width: 406px) 100vw, 406px\" \/><\/a><\/h3>\n<h3 style=\"text-align: left;\">Geschichte des Darts<\/h3>\n<h4>Fakten aus der Vergangenheit<\/h4>\n<p>In der Jahrhundertwende vom 19. ins 20. Jahrhundert gibt es erstmals echte Hinweise auf England als Ursprungsland des Dartsports: Der Zimmermann Brian Gamlin ordnete 1896 die Zahlen auf dem Dartbrett in der heute noch \u00fcblichen Reihenfolge an. 1898 wurde in den USA der erste Flight aus Papier patentiert. Nur 3 Jahre sp\u00e4ter erschien eine Anzeige f\u00fcr &#8222;Dart Boards&#8220;. Wiederum ein Jahr sp\u00e4ter war in einer kleinen Zeitung \u00fcber die ersten 180 Punkte W\u00fcrfe zu lesen. 1906 wird der Dartk\u00f6rper aus Metall gefertigt (vorher aus Holz). 1908 wird das Dartspiel amtlich als Geschicklichkeitsspiel registriert: Der Inhaber einer Gastst\u00e4tte wurde des verbotenen Gl\u00fccksspiels bezichtigt. N\u00e4mlich das Werfen von kleinen Pfeilen auf eine Scheibe. Im Gerichtssaal demonstriert der couragierte Wirt das Dartspiel und trifft dreimal in die 20. Einer der Amtstr\u00e4ger sollte es ihm gleichtun und traf mit den ersten beiden Pfeilen nicht einmal die Dartscheibe. Daraufhin f\u00e4llte der Magistrat das Urteil: &#8222;This is no game of chance&#8220; &#8211; &#8222;Dies ist kein Gl\u00fccksspiel&#8220;.<\/p>\n<h4>Heute<\/h4>\n<p>Heute gibt es ca. 48 nationale Dartsorganisationen die insgedamt ca. 3,5 Millionen Mitglieder haben. Sie sind in der WDF &#8211; der Word Darts Federationen zusammengeschlossen. Dazu kommen nat\u00fcrlich noch viele Dartverb\u00e4nde die nicht in die WDF geh\u00f6ren und die vielen Gelegenheitsdarter. Die beiden gr\u00f6\u00dften deutschen Verb\u00e4nde im E-Dart sind der DSAB (Deutscher Sportautomatenbund e.V.) und der DEDSV (Deutsche Elektronik Dart Sport Vereinigung e.V.). Die Spiele werden meistens von einzelnen Automatenaufstellern organisiert.<\/p>\n","protected":false},"excerpt":{"rendered":"<p>In unserem Sch\u00fctzenhaus haben wir 2 Dartautomaten f\u00fcr Ligaspiele. Mittlerweile sind 2 Dartmannschaften bei uns beheimatet, zum einen die Dartfighters und zum anderen die Hornissen, beide Mannschaften spielen erfolgreich in der Wesermarschliga. Es werden Training, Wettk\u00e4mpfe und Spa\u00dfturniere durchgef\u00fchrt. Geschichte des Darts Fakten aus der Vergangenheit In der Jahrhundertwende vom&#8230; <a class=\"continue-reading-link\" href=\"https:\/\/www.elsflether-schuetzenverein.de\/?page_id=989\">mehr lesen <span class=\"meta-nav\">&rarr; <\/span><\/a><\/p>\n","protected":false},"author":1,"featured_media":0,"parent":987,"menu_order":1,"comment_status":"closed","ping_status":"closed","template":"","meta":{"footnotes":""},"class_list":["post-989","page","type-page","status-publish","hentry"],"_links":{"self":[{"href":"https:\/\/www.elsflether-schuetzenverein.de\/index.php?rest_route=\/wp\/v2\/pages\/989","targetHints":{"allow":["GET"]}}],"collection":[{"href":"https:\/\/www.elsflether-schuetzenverein.de\/index.php?rest_route=\/wp\/v2\/pages"}],"about":[{"href":"https:\/\/www.elsflether-schuetzenverein.de\/index.php?rest_route=\/wp\/v2\/types\/page"}],"author":[{"embeddable":true,"href":"https:\/\/www.elsflether-schuetzenverein.de\/index.php?rest_route=\/wp\/v2\/users\/1"}],"replies":[{"embeddable":true,"href":"https:\/\/www.elsflether-schuetzenverein.de\/index.php?rest_route=%2Fwp%2Fv2%2Fcomments&post=989"}],"version-history":[{"count":8,"href":"https:\/\/www.elsflether-schuetzenverein.de\/index.php?rest_route=\/wp\/v2\/pages\/989\/revisions"}],"predecessor-version":[{"id":1579,"href":"https:\/\/www.elsflether-schuetzenverein.de\/index.php?rest_route=\/wp\/v2\/pages\/989\/revisions\/1579"}],"up":[{"embeddable":true,"href":"https:\/\/www.elsflether-schuetzenverein.de\/index.php?rest_route=\/wp\/v2\/pages\/987"}],"wp:attachment":[{"href":"https:\/\/www.elsflether-schuetzenverein.de\/index.php?rest_route=%2Fwp%2Fv2%2Fmedia&parent=989"}],"curies":[{"name":"wp","href":"https:\/\/api.w.org\/{rel}","templated":true}]}}