{"id":1601,"date":"2026-03-31T16:05:40","date_gmt":"2026-03-31T15:05:40","guid":{"rendered":"https:\/\/www.elsflether-schuetzenverein.de\/?page_id=1601"},"modified":"2026-03-31T16:45:32","modified_gmt":"2026-03-31T15:45:32","slug":"termine-2026","status":"publish","type":"page","link":"https:\/\/www.elsflether-schuetzenverein.de\/?page_id=1601","title":{"rendered":"Termine 2026"},"content":{"rendered":"<h4 style=\"text-align: center;\"><strong>Alle Termine f\u00fcr 2026 unter Vorbehalt. <\/strong><br \/><strong>\u00c4nderungen sind m\u00f6glich und werden rechtzeitig bekannt gegeben.<\/strong><\/h4>\n\n\n<div style=\"height:37px\" aria-hidden=\"true\" class=\"wp-block-spacer\"><\/div>\n\n\n\n<figure class=\"wp-block-table is-style-stripes\"><table class=\"has-fixed-layout\"><tbody><tr><td class=\"has-text-align-center\" data-align=\"center\"><strong><mark style=\"background-color:rgba(0, 0, 0, 0)\" class=\"has-inline-color has-vivid-cyan-blue-color\">Januar<\/mark><\/strong><\/td><\/tr><tr><td class=\"has-text-align-center\" data-align=\"center\">&#8212;<\/td><\/tr><tr><td class=\"has-text-align-center\" data-align=\"center\"><strong><mark style=\"background-color:rgba(0, 0, 0, 0)\" class=\"has-inline-color has-vivid-cyan-blue-color\">Februar<\/mark><\/strong><\/td><\/tr><tr><td class=\"has-text-align-center\" data-align=\"center\">&#8212;<\/td><\/tr><tr><td class=\"has-text-align-center\" data-align=\"center\"><strong><mark style=\"background-color:rgba(0, 0, 0, 0)\" class=\"has-inline-color has-vivid-cyan-blue-color\">M\u00e4rz<\/mark><\/strong><\/td><\/tr><tr><td class=\"has-text-align-center\" data-align=\"center\">&#8212;<\/td><\/tr><tr><td class=\"has-text-align-center\" data-align=\"center\"><strong><mark style=\"background-color:rgba(0, 0, 0, 0)\" class=\"has-inline-color has-vivid-cyan-blue-color\">April<\/mark><\/strong><\/td><\/tr><tr><td class=\"has-text-align-center\" data-align=\"center\"><strong>Osterfr\u00fchst\u00fcck &amp; -schie\u00dfen<\/strong><br>04.04.2026 10:00 Uhr<br><br><strong>K\u00f6nigsball OHW 2026<\/strong><br>04.04.2026 ab 19:30 Uhr<br><br><strong>Arbeitsdienst<\/strong><br>11.04.2026 ab 10 Uhr<\/td><\/tr><tr><td class=\"has-text-align-center\" data-align=\"center\"><strong><mark style=\"background-color:rgba(0, 0, 0, 0)\" class=\"has-inline-color has-vivid-cyan-blue-color\">Mai<\/mark><\/strong><\/td><\/tr><tr><td class=\"has-text-align-center\" data-align=\"center\"><strong>Arbeitsdienst<\/strong><br>09.05.2026 ab 10 Uhr<br><br><strong>Vatertagsrad-Tour &amp; Grillen<\/strong><br>14.05.2026 14:00 Uhr<br>Treffpunkt: Vereinsheim<br><br><strong>Vogelschie\u00dfen<\/strong><br>16.05.2026 10:00 Uhr<br>im Vereinsheim<\/td><\/tr><tr><td class=\"has-text-align-center\" data-align=\"center\"><strong><mark style=\"background-color:rgba(0, 0, 0, 0)\" class=\"has-inline-color has-vivid-cyan-blue-color\">Juni<\/mark><\/strong><\/td><\/tr><tr><td class=\"has-text-align-center\" data-align=\"center\"><strong>Arbeitsdienst<\/strong><br>13.06.2026 ab 10 Uhr<br><br><strong>K\u00f6nigsschie\u00dfen<\/strong><br>06.06.2026<\/td><\/tr><tr><td class=\"has-text-align-center\" data-align=\"center\"><strong><mark style=\"background-color:rgba(0, 0, 0, 0)\" class=\"has-inline-color has-vivid-cyan-blue-color\">Juli<\/mark><\/strong><\/td><\/tr><tr><td class=\"has-text-align-center\" data-align=\"center\"><strong>Arbeitsdienst<\/strong><br>04.07.2026 ab 10 Uhr<br><br><strong>Elsflether Sch\u00fctzenfest<\/strong><br>11.07.2026 17:00 Uhr<\/td><\/tr><tr><td class=\"has-text-align-center\" data-align=\"center\"><strong><mark style=\"background-color:rgba(0, 0, 0, 0)\" class=\"has-inline-color has-vivid-cyan-blue-color\">August<\/mark><\/strong><\/td><\/tr><tr><td class=\"has-text-align-center\" data-align=\"center\"><strong>FerienSpa\u00df<\/strong><br>01.08.2026<br>14:00 &#8211; 19:00 Uhr<br><br><strong>Arbeitsdienst<\/strong><br>08.08.2026 ab 10 Uhr<br><br><strong>Arbeitsdienst<\/strong><br>14.08.2026 ab 15:00 Uhr<br><br><strong>B\u00fcffelturnier<\/strong><br>15.08.2026 13:30 Uhr<br><br><strong>Arbeitsdienst<\/strong><br>16.08.2026 ab 13:00 Uhr<\/td><\/tr><tr><td class=\"has-text-align-center\" data-align=\"center\"><strong><mark style=\"background-color:rgba(0, 0, 0, 0)\" class=\"has-inline-color has-vivid-cyan-blue-color\">September<\/mark><\/strong><\/td><\/tr><tr><td class=\"has-text-align-center\" data-align=\"center\"><strong>Arbeitsdienst<\/strong><br>05.09.2026 ab 10 Uhr<br><br><strong>Arbeitsdienst<\/strong><br>Festwagen schm\u00fccken<br>11.09.2026 ab 17:00 Uhr<br><br><strong>Krammarkt Umzug<\/strong><br>12.09.2026 13:00 Uhr<br><br><strong>Vereinsmeisterschaft<\/strong><br>zu den Trainingszeiten im September<\/td><\/tr><tr><td class=\"has-text-align-center\" data-align=\"center\"><strong><mark style=\"background-color:rgba(0, 0, 0, 0)\" class=\"has-inline-color has-vivid-cyan-blue-color\">Oktober<\/mark><\/strong><\/td><\/tr><tr><td class=\"has-text-align-center\" data-align=\"center\"><strong>Arbeitsdienst<\/strong><br>10.10.2026 ab 10 Uhr<br><br><strong>Halloween im Sch\u00fctzenhaus<\/strong><br>31.10.2026 17:00 Uhr<br><br><strong>Examen schie\u00dfen<\/strong><br>zu den Trainingszeiten im Oktober<\/td><\/tr><tr><td class=\"has-text-align-center\" data-align=\"center\"><mark style=\"background-color:rgba(0, 0, 0, 0)\" class=\"has-inline-color has-vivid-cyan-blue-color\"><strong>November<\/strong><\/mark><\/td><\/tr><tr><td class=\"has-text-align-center\" data-align=\"center\"><strong>Arbeitsdienst<\/strong><br>07.11.2026 ab 10 Uhr<br><br><strong>St\u00e4dte-Wettkampf Luftgewehr<\/strong><br>21.11.2026 16:00 Uhr<\/td><\/tr><tr><td class=\"has-text-align-center\" data-align=\"center\"><strong><mark style=\"background-color:rgba(0, 0, 0, 0)\" class=\"has-inline-color has-vivid-cyan-blue-color\">Dezember<\/mark><\/strong><\/td><\/tr><tr><td class=\"has-text-align-center\" data-align=\"center\"><strong>Weihnachtsfeier &amp; -schie\u00dfen<\/strong><br>05.12.2026 18:00 Uhr<br><br><strong>Arbeitsdienst<\/strong><br>12.12.2026 ab 10 Uhr<\/td><\/tr><\/tbody><\/table><\/figure>\n","protected":false},"excerpt":{"rendered":"<p>Alle Termine f\u00fcr 2026 unter Vorbehalt. \u00c4nderungen sind m\u00f6glich und werden rechtzeitig bekannt gegeben. Januar &#8212; Februar &#8212; M\u00e4rz &#8212; April Osterfr\u00fchst\u00fcck &amp; -schie\u00dfen04.04.2026 10:00 Uhr K\u00f6nigsball OHW 202604.04.2026 ab 19:30 Uhr Arbeitsdienst11.04.2026 ab 10 Uhr Mai Arbeitsdienst09.05.2026 ab 10 Uhr Vatertagsrad-Tour &amp; Grillen14.05.2026 14:00 UhrTreffpunkt: Vereinsheim Vogelschie\u00dfen16.05.2026 10:00 Uhrim&#8230; <a class=\"continue-reading-link\" href=\"https:\/\/www.elsflether-schuetzenverein.de\/?page_id=1601\">mehr lesen <span class=\"meta-nav\">&rarr; <\/span><\/a><\/p>\n","protected":false},"author":1,"featured_media":0,"parent":1067,"menu_order":8,"comment_status":"closed","ping_status":"closed","template":"","meta":{"footnotes":""},"class_list":["post-1601","page","type-page","status-publish","hentry"],"_links":{"self":[{"href":"https:\/\/www.elsflether-schuetzenverein.de\/index.php?rest_route=\/wp\/v2\/pages\/1601","targetHints":{"allow":["GET"]}}],"collection":[{"href":"https:\/\/www.elsflether-schuetzenverein.de\/index.php?rest_route=\/wp\/v2\/pages"}],"about":[{"href":"https:\/\/www.elsflether-schuetzenverein.de\/index.php?rest_route=\/wp\/v2\/types\/page"}],"author":[{"embeddable":true,"href":"https:\/\/www.elsflether-schuetzenverein.de\/index.php?rest_route=\/wp\/v2\/users\/1"}],"replies":[{"embeddable":true,"href":"https:\/\/www.elsflether-schuetzenverein.de\/index.php?rest_route=%2Fwp%2Fv2%2Fcomments&post=1601"}],"version-history":[{"count":11,"href":"https:\/\/www.elsflether-schuetzenverein.de\/index.php?rest_route=\/wp\/v2\/pages\/1601\/revisions"}],"predecessor-version":[{"id":1617,"href":"https:\/\/www.elsflether-schuetzenverein.de\/index.php?rest_route=\/wp\/v2\/pages\/1601\/revisions\/1617"}],"up":[{"embeddable":true,"href":"https:\/\/www.elsflether-schuetzenverein.de\/index.php?rest_route=\/wp\/v2\/pages\/1067"}],"wp:attachment":[{"href":"https:\/\/www.elsflether-schuetzenverein.de\/index.php?rest_route=%2Fwp%2Fv2%2Fmedia&parent=1601"}],"curies":[{"name":"wp","href":"https:\/\/api.w.org\/{rel}","templated":true}]}}