{"id":1155,"date":"2025-05-19T20:04:22","date_gmt":"2025-05-19T19:04:22","guid":{"rendered":"https:\/\/www.elsflether-schuetzenverein.de\/?page_id=1155"},"modified":"2026-03-31T16:04:15","modified_gmt":"2026-03-31T15:04:15","slug":"vogelschiessen-2025","status":"publish","type":"page","link":"https:\/\/www.elsflether-schuetzenverein.de\/?page_id=1155","title":{"rendered":"Vogelschie\u00dfen 2025"},"content":{"rendered":"<div dir=\"auto\">Am Samstag den 17.05.2025 fand in unserem Sch\u00fctzenverein in Elsfleth das diesj\u00e4hrige Vogelschie\u00dfen statt.<\/div>\n<div dir=\"auto\">\u00a0<\/div>\n<div dir=\"auto\">Es fanden sich der komplette Vorstand und Hofstaat des Braker Sch\u00fctzenvereins ein und ganz besonders gefreut hat uns der Besuch von Frau Imke Janssen vom Elsflether Museum.<\/div>\n<div dir=\"auto\">\u00a0<\/div>\n<div dir=\"auto\">Bei bestem Wetter, guter Laune und erstklassiger, kulinarischer Versorgung wurde flei\u00dfig versucht den Vogel abzuschie\u00dfen, im wahrsten Sinne des Wortes.<\/div>\n<div dir=\"auto\">\u00a0<\/div>\n<div dir=\"auto\">Das Kreuz schoss Imke Janssen mit 50 Schuss ab !<\/div>\n<div dir=\"auto\">\u00a0<\/div>\n\n<div class=\"wp-block-image\">\n<figure class=\"aligncenter size-large is-resized\"><img loading=\"lazy\" decoding=\"async\" width=\"1024\" height=\"768\" src=\"https:\/\/www.elsflether-schuetzenverein.de\/wp-content\/uploads\/2025\/05\/499450005_584215154711383_4306214057191972991_n-1024x768.jpg\" alt=\"\" class=\"wp-image-1159\" style=\"width:645px;height:auto\" srcset=\"https:\/\/www.elsflether-schuetzenverein.de\/wp-content\/uploads\/2025\/05\/499450005_584215154711383_4306214057191972991_n-1024x768.jpg 1024w, https:\/\/www.elsflether-schuetzenverein.de\/wp-content\/uploads\/2025\/05\/499450005_584215154711383_4306214057191972991_n-300x225.jpg 300w, https:\/\/www.elsflether-schuetzenverein.de\/wp-content\/uploads\/2025\/05\/499450005_584215154711383_4306214057191972991_n-768x576.jpg 768w, https:\/\/www.elsflether-schuetzenverein.de\/wp-content\/uploads\/2025\/05\/499450005_584215154711383_4306214057191972991_n-1536x1152.jpg 1536w, https:\/\/www.elsflether-schuetzenverein.de\/wp-content\/uploads\/2025\/05\/499450005_584215154711383_4306214057191972991_n-150x113.jpg 150w, https:\/\/www.elsflether-schuetzenverein.de\/wp-content\/uploads\/2025\/05\/499450005_584215154711383_4306214057191972991_n-200x150.jpg 200w, https:\/\/www.elsflether-schuetzenverein.de\/wp-content\/uploads\/2025\/05\/499450005_584215154711383_4306214057191972991_n.jpg 2048w\" sizes=\"auto, (max-width: 1024px) 100vw, 1024px\" \/><\/figure>\n<\/div>\n\n<div dir=\"auto\">\u00a0<\/div>\n<div dir=\"auto\">Zweiter Ritter wurde J\u00fcrgen Legner (2. von Links) vom Braker Sch\u00fctzenverein mit 278 Schuss<\/div>\n<div dir=\"auto\">Erste Hofdame wurde Michaela Ohlrogge (2. von Rechts) vom Elslfether Sch\u00fctzenverein mit 340 Schuss<\/div>\n<div dir=\"auto\">K\u00f6nig wurde Klaus Timmy Elser (3. von Links) vom Braker Sch\u00fctzenverein mit 399 Schuss<\/div>\n<div dir=\"auto\">\u00a0<\/div>\n<div dir=\"auto\">An dieser Stelle auch ein riesen Dankesch\u00f6n an alle Helfer, die diesen sch\u00f6nen Tag m\u00f6glich gemacht haben<\/div>","protected":false},"excerpt":{"rendered":"<p>Am Samstag den 17.05.2025 fand in unserem Sch\u00fctzenverein in Elsfleth das diesj\u00e4hrige Vogelschie\u00dfen statt. \u00a0 Es fanden sich der komplette Vorstand und Hofstaat des Braker Sch\u00fctzenvereins ein und ganz besonders gefreut hat uns der Besuch von Frau Imke Janssen vom Elsflether Museum. \u00a0 Bei bestem Wetter, guter Laune und erstklassiger,&#8230; <a class=\"continue-reading-link\" href=\"https:\/\/www.elsflether-schuetzenverein.de\/?page_id=1155\">mehr lesen <span class=\"meta-nav\">&rarr; <\/span><\/a><\/p>\n","protected":false},"author":1,"featured_media":0,"parent":1567,"menu_order":1,"comment_status":"closed","ping_status":"closed","template":"","meta":{"footnotes":""},"class_list":["post-1155","page","type-page","status-publish","hentry"],"_links":{"self":[{"href":"https:\/\/www.elsflether-schuetzenverein.de\/index.php?rest_route=\/wp\/v2\/pages\/1155","targetHints":{"allow":["GET"]}}],"collection":[{"href":"https:\/\/www.elsflether-schuetzenverein.de\/index.php?rest_route=\/wp\/v2\/pages"}],"about":[{"href":"https:\/\/www.elsflether-schuetzenverein.de\/index.php?rest_route=\/wp\/v2\/types\/page"}],"author":[{"embeddable":true,"href":"https:\/\/www.elsflether-schuetzenverein.de\/index.php?rest_route=\/wp\/v2\/users\/1"}],"replies":[{"embeddable":true,"href":"https:\/\/www.elsflether-schuetzenverein.de\/index.php?rest_route=%2Fwp%2Fv2%2Fcomments&post=1155"}],"version-history":[{"count":10,"href":"https:\/\/www.elsflether-schuetzenverein.de\/index.php?rest_route=\/wp\/v2\/pages\/1155\/revisions"}],"predecessor-version":[{"id":1168,"href":"https:\/\/www.elsflether-schuetzenverein.de\/index.php?rest_route=\/wp\/v2\/pages\/1155\/revisions\/1168"}],"up":[{"embeddable":true,"href":"https:\/\/www.elsflether-schuetzenverein.de\/index.php?rest_route=\/wp\/v2\/pages\/1567"}],"wp:attachment":[{"href":"https:\/\/www.elsflether-schuetzenverein.de\/index.php?rest_route=%2Fwp%2Fv2%2Fmedia&parent=1155"}],"curies":[{"name":"wp","href":"https:\/\/api.w.org\/{rel}","templated":true}]}}