{"id":1008,"date":"2025-05-10T10:38:53","date_gmt":"2025-05-10T09:38:53","guid":{"rendered":"https:\/\/www.elsflether-schuetzenverein.de\/?page_id=1008"},"modified":"2025-08-06T20:47:01","modified_gmt":"2025-08-06T19:47:01","slug":"mitglied-werden","status":"publish","type":"page","link":"https:\/\/www.elsflether-schuetzenverein.de\/?page_id=1008","title":{"rendered":"Mitglied werden"},"content":{"rendered":"<h4><strong>Alle Mitgliedsbeitr\u00e4ge sind Jahresbeitr\u00e4ge<\/strong><\/h4>\n\n\n<div class=\"wp-block-columns is-not-stacked-on-mobile is-layout-flex wp-container-core-columns-is-layout-9d6595d7 wp-block-columns-is-layout-flex\">\n<div class=\"wp-block-column is-layout-flow wp-block-column-is-layout-flow\">\n<p>Einzelperson:<\/p>\n<p>Ehepaar:<\/p>\n<p>Familie:<\/p>\n<p>Jugendliche bis 18 Jahre:<\/p>\n<p>Studenten w\u00e4hrend ihrer Studienzeit in Elsfleth:<\/p>\n<\/div>\n\n\n\n<div class=\"wp-block-column is-layout-flow wp-block-column-is-layout-flow\">\n<p>114,00 \u20ac<\/p>\n<p>126,00 \u20ac<\/p>\n<p>136,00 \u20ac<\/p>\n<p>24,00 \u20ac<\/p>\n<p>100,00 \u20ac<\/p>\n<\/div>\n<\/div>\n\n\n\n<div style=\"height:20px\" aria-hidden=\"true\" class=\"wp-block-spacer\"><\/div>\n\n\n\n<hr class=\"wp-block-separator has-alpha-channel-opacity is-style-wide\"\/>\n\n\n<h3 style=\"text-align: center;\"><span style=\"color: #000000;\"><strong>\u2193\u00a0 \u00a0 Downloads\u00a0 \u00a0\u2193<\/strong><\/span><\/h3>\n\n\n<hr class=\"wp-block-separator has-alpha-channel-opacity is-style-wide\"\/>\n\n\n\n<div class=\"wp-block-columns is-layout-flex wp-container-core-columns-is-layout-9d6595d7 wp-block-columns-is-layout-flex\">\n<div class=\"wp-block-column is-layout-flow wp-block-column-is-layout-flow\">\n<div style=\"height:30px\" aria-hidden=\"true\" class=\"wp-block-spacer\"><\/div>\n\n\n<div class=\"wp-block-image\">\n<figure class=\"aligncenter size-full is-resized\"><img loading=\"lazy\" decoding=\"async\" width=\"512\" height=\"512\" src=\"https:\/\/www.elsflether-schuetzenverein.de\/wp-content\/uploads\/2025\/08\/icon-download-png-0.png\" alt=\"\" class=\"wp-image-1473\" style=\"width:123px;height:auto\" srcset=\"https:\/\/www.elsflether-schuetzenverein.de\/wp-content\/uploads\/2025\/08\/icon-download-png-0.png 512w, https:\/\/www.elsflether-schuetzenverein.de\/wp-content\/uploads\/2025\/08\/icon-download-png-0-300x300.png 300w, https:\/\/www.elsflether-schuetzenverein.de\/wp-content\/uploads\/2025\/08\/icon-download-png-0-150x150.png 150w\" sizes=\"auto, (max-width: 512px) 100vw, 512px\" \/><\/figure>\n<\/div><\/div>\n\n\n\n<div class=\"wp-block-column is-layout-flow wp-block-column-is-layout-flow\">\n<div style=\"height:25px\" aria-hidden=\"true\" class=\"wp-block-spacer\"><\/div>\n\n\n\n<div class=\"wp-block-file\"><a id=\"wp-block-file--media-7f66a9f3-01e3-459e-8c6a-5cfe97f9c409\" href=\"https:\/\/www.elsflether-schuetzenverein.de\/wp-content\/uploads\/2025\/08\/Einverstaendniss_WaffG_27.pdf\" target=\"_blank\" rel=\"noreferrer noopener\"><strong>Einverst\u00e4ndniss_WaffG_27<\/strong><\/a><a href=\"https:\/\/www.elsflether-schuetzenverein.de\/wp-content\/uploads\/2025\/08\/Einverstaendniss_WaffG_27.pdf\" class=\"wp-block-file__button wp-element-button\" download aria-describedby=\"wp-block-file--media-7f66a9f3-01e3-459e-8c6a-5cfe97f9c409\">Herunterladen<\/a><\/div>\n\n\n\n<div style=\"height:15px\" aria-hidden=\"true\" class=\"wp-block-spacer\"><\/div>\n\n\n\n<div class=\"wp-block-file\"><a id=\"wp-block-file--media-d6ecc3f4-fb43-430d-b32d-f9a9f34850e5\" href=\"https:\/\/www.elsflether-schuetzenverein.de\/wp-content\/uploads\/2025\/08\/DatenschutzV3.pdf\" target=\"_blank\" rel=\"noreferrer noopener\"><strong>Merkblatt zum Datenschutz_V3<\/strong><\/a><a href=\"https:\/\/www.elsflether-schuetzenverein.de\/wp-content\/uploads\/2025\/08\/DatenschutzV3.pdf\" class=\"wp-block-file__button wp-element-button\" download aria-describedby=\"wp-block-file--media-d6ecc3f4-fb43-430d-b32d-f9a9f34850e5\">Herunterladen<\/a><\/div>\n\n\n\n<div style=\"height:15px\" aria-hidden=\"true\" class=\"wp-block-spacer\"><\/div>\n\n\n\n<div class=\"wp-block-file\"><a id=\"wp-block-file--media-6a3edf33-8f27-4bc9-b3a8-5aa088987121\" href=\"https:\/\/www.elsflether-schuetzenverein.de\/wp-content\/uploads\/2025\/08\/MitgliedsantragV3.pdf\" target=\"_blank\" rel=\"noreferrer noopener\"><strong>Aufnahmeantrag_V3<\/strong><\/a><a href=\"https:\/\/www.elsflether-schuetzenverein.de\/wp-content\/uploads\/2025\/08\/MitgliedsantragV3.pdf\" class=\"wp-block-file__button wp-element-button\" download aria-describedby=\"wp-block-file--media-6a3edf33-8f27-4bc9-b3a8-5aa088987121\">Herunterladen<\/a><\/div>\n\n\n\n<div style=\"height:15px\" aria-hidden=\"true\" class=\"wp-block-spacer\"><\/div>\n\n\n\n<div class=\"wp-block-file\"><a id=\"wp-block-file--media-094f7439-8c1f-49a7-92f4-f6096a96acb3\" href=\"https:\/\/www.elsflether-schuetzenverein.de\/wp-content\/uploads\/2025\/08\/Satzung_1995.pdf\" target=\"_blank\" rel=\"noreferrer noopener\"><strong>Aktuelle Satzung von 1995<\/strong><\/a><a href=\"https:\/\/www.elsflether-schuetzenverein.de\/wp-content\/uploads\/2025\/08\/Satzung_1995.pdf\" class=\"wp-block-file__button wp-element-button\" download aria-describedby=\"wp-block-file--media-094f7439-8c1f-49a7-92f4-f6096a96acb3\">Herunterladen<\/a><\/div>\n<\/div>\n<\/div>\n\n\n\n<hr class=\"wp-block-separator has-alpha-channel-opacity is-style-wide\"\/>\n","protected":false},"excerpt":{"rendered":"<p>Alle Mitgliedsbeitr\u00e4ge sind Jahresbeitr\u00e4ge Einzelperson: Ehepaar: Familie: Jugendliche bis 18 Jahre: Studenten w\u00e4hrend ihrer Studienzeit in Elsfleth: 114,00 \u20ac 126,00 \u20ac 136,00 \u20ac 24,00 \u20ac 100,00 \u20ac \u2193\u00a0 \u00a0 Downloads\u00a0 \u00a0\u2193<\/p>\n","protected":false},"author":1,"featured_media":0,"parent":983,"menu_order":1,"comment_status":"closed","ping_status":"closed","template":"","meta":{"footnotes":""},"class_list":["post-1008","page","type-page","status-publish","hentry"],"_links":{"self":[{"href":"https:\/\/www.elsflether-schuetzenverein.de\/index.php?rest_route=\/wp\/v2\/pages\/1008","targetHints":{"allow":["GET"]}}],"collection":[{"href":"https:\/\/www.elsflether-schuetzenverein.de\/index.php?rest_route=\/wp\/v2\/pages"}],"about":[{"href":"https:\/\/www.elsflether-schuetzenverein.de\/index.php?rest_route=\/wp\/v2\/types\/page"}],"author":[{"embeddable":true,"href":"https:\/\/www.elsflether-schuetzenverein.de\/index.php?rest_route=\/wp\/v2\/users\/1"}],"replies":[{"embeddable":true,"href":"https:\/\/www.elsflether-schuetzenverein.de\/index.php?rest_route=%2Fwp%2Fv2%2Fcomments&post=1008"}],"version-history":[{"count":63,"href":"https:\/\/www.elsflether-schuetzenverein.de\/index.php?rest_route=\/wp\/v2\/pages\/1008\/revisions"}],"predecessor-version":[{"id":1505,"href":"https:\/\/www.elsflether-schuetzenverein.de\/index.php?rest_route=\/wp\/v2\/pages\/1008\/revisions\/1505"}],"up":[{"embeddable":true,"href":"https:\/\/www.elsflether-schuetzenverein.de\/index.php?rest_route=\/wp\/v2\/pages\/983"}],"wp:attachment":[{"href":"https:\/\/www.elsflether-schuetzenverein.de\/index.php?rest_route=%2Fwp%2Fv2%2Fmedia&parent=1008"}],"curies":[{"name":"wp","href":"https:\/\/api.w.org\/{rel}","templated":true}]}}